{"id":548,"date":"2025-08-15T11:52:17","date_gmt":"2025-08-15T11:52:17","guid":{"rendered":"https:\/\/www.domuservices.com\/?page_id=548"},"modified":"2025-08-15T11:59:58","modified_gmt":"2025-08-15T11:59:58","slug":"politicadecookies","status":"publish","type":"page","link":"https:\/\/www.domuservices.com\/en\/politicadecookies\/","title":{"rendered":"Politica de cookies"},"content":{"rendered":"<div data-elementor-type=\"wp-page\" data-elementor-id=\"548\" class=\"elementor elementor-548\" data-elementor-post-type=\"page\">\n\t\t\t\t<div class=\"elementor-element elementor-element-28a4b12 e-flex e-con-boxed e-con e-parent\" data-id=\"28a4b12\" data-element_type=\"container\" data-e-type=\"container\">\n\t\t\t\t\t<div class=\"e-con-inner\">\n\t\t\t\t<div class=\"elementor-element elementor-element-08efeef elementor-widget elementor-widget-text-editor\" data-id=\"08efeef\" data-element_type=\"widget\" data-e-type=\"widget\" data-widget_type=\"text-editor.default\">\n\t\t\t\t<div class=\"elementor-widget-container\">\n\t\t\t\t\t\t\t\t\t<h3 data-start=\"3226\" data-end=\"3251\">Pol\u00edtica de Cookies<\/h3>\n<p data-start=\"3253\" data-end=\"3371\">En Domuservices utilizamos cookies para mejorar la experiencia de navegaci\u00f3n del usuario y analizar el tr\u00e1fico web.<\/p>\n<h4 data-start=\"3373\" data-end=\"3401\">1. \u00bfQu\u00e9 son las cookies?<\/h4>\n<p data-start=\"3402\" data-end=\"3504\">Son peque\u00f1os archivos de texto que se guardan en el dispositivo del usuario al visitar una p\u00e1gina web.<\/p>\n<h4 data-start=\"3506\" data-end=\"3540\">2. Tipos de cookies que usamos<\/h4>\n<ul data-start=\"3541\" data-end=\"3725\">\n<li data-start=\"3541\" data-end=\"3603\">\n<p data-start=\"3543\" data-end=\"3603\"><strong data-start=\"3543\" data-end=\"3555\">T\u00e9cnicas<\/strong>: necesarias para el funcionamiento de la web.<\/p>\n<\/li>\n<li data-start=\"3604\" data-end=\"3659\">\n<p data-start=\"3606\" data-end=\"3659\"><strong data-start=\"3606\" data-end=\"3620\">Anal\u00edticas<\/strong>: para medir y analizar la audiencia.<\/p>\n<\/li>\n<li data-start=\"3660\" data-end=\"3725\">\n<p data-start=\"3662\" data-end=\"3725\"><strong data-start=\"3662\" data-end=\"3684\">De personalizaci\u00f3n<\/strong>: para recordar preferencias del usuario.<\/p>\n<\/li>\n<\/ul>\n<h4 data-start=\"3727\" data-end=\"3761\">3. C\u00f3mo desactivar las cookies<\/h4>\n<p data-start=\"3762\" data-end=\"3865\">El usuario puede configurar su navegador para bloquear o eliminar cookies.<br data-start=\"3836\" data-end=\"3839\">Enlaces a instrucciones:<\/p>\n<ul data-start=\"3866\" data-end=\"4100\">\n<li data-start=\"3866\" data-end=\"3933\">\n<p data-start=\"3868\" data-end=\"3933\"><a class=\"cursor-pointer\" target=\"_new\" rel=\"noopener\" data-start=\"3868\" data-end=\"3931\">Google Chrome<\/a><\/p>\n<\/li>\n<li data-start=\"3934\" data-end=\"4029\">\n<p data-start=\"3936\" data-end=\"4029\"><a class=\"cursor-pointer\" target=\"_new\" rel=\"noopener\" data-start=\"3936\" data-end=\"4027\">Mozilla Firefox<\/a><\/p>\n<\/li>\n<li data-start=\"4030\" data-end=\"4100\">\n<p data-start=\"4032\" data-end=\"4100\"><a class=\"cursor-pointer\" target=\"_new\" rel=\"noopener\" data-start=\"4032\" data-end=\"4100\">Safari<\/a><\/p>\n<\/li>\n<\/ul>\n<h4 data-start=\"4102\" data-end=\"4130\">4. Aceptaci\u00f3n de cookies<\/h4>\n<p data-start=\"4131\" data-end=\"4230\">Al seguir navegando por Domuservices.com el usuario acepta el uso de cookies conforme a esta Pol\u00edtica.<\/p>\t\t\t\t\t\t\t\t<\/div>\n\t\t\t\t<\/div>\n\t\t\t\t\t<\/div>\n\t\t\t\t<\/div>\n\t\t\t\t<\/div>","protected":false},"excerpt":{"rendered":"<p>Pol\u00edtica de Cookies En Domuservices utilizamos cookies para mejorar la experiencia de navegaci\u00f3n del usuario y analizar el tr\u00e1fico web. 1. \u00bfQu\u00e9 son las cookies? Son peque\u00f1os archivos de texto que se guardan en el dispositivo del usuario al visitar una p\u00e1gina web. 2. Tipos de cookies que usamos T\u00e9cnicas: necesarias para el funcionamiento de [&hellip;]<\/p>","protected":false},"author":1,"featured_media":0,"parent":0,"menu_order":0,"comment_status":"closed","ping_status":"closed","template":"","meta":{"_joinchat":[],"footnotes":""},"class_list":["post-548","page","type-page","status-publish","hentry"],"_links":{"self":[{"href":"https:\/\/www.domuservices.com\/en\/wp-json\/wp\/v2\/pages\/548","targetHints":{"allow":["GET"]}}],"collection":[{"href":"https:\/\/www.domuservices.com\/en\/wp-json\/wp\/v2\/pages"}],"about":[{"href":"https:\/\/www.domuservices.com\/en\/wp-json\/wp\/v2\/types\/page"}],"author":[{"embeddable":true,"href":"https:\/\/www.domuservices.com\/en\/wp-json\/wp\/v2\/users\/1"}],"replies":[{"embeddable":true,"href":"https:\/\/www.domuservices.com\/en\/wp-json\/wp\/v2\/comments?post=548"}],"version-history":[{"count":7,"href":"https:\/\/www.domuservices.com\/en\/wp-json\/wp\/v2\/pages\/548\/revisions"}],"predecessor-version":[{"id":560,"href":"https:\/\/www.domuservices.com\/en\/wp-json\/wp\/v2\/pages\/548\/revisions\/560"}],"wp:attachment":[{"href":"https:\/\/www.domuservices.com\/en\/wp-json\/wp\/v2\/media?parent=548"}],"curies":[{"name":"wp","href":"https:\/\/api.w.org\/{rel}","templated":true}]}}