{"id":543,"date":"2025-08-15T11:49:30","date_gmt":"2025-08-15T11:49:30","guid":{"rendered":"https:\/\/www.domuservices.com\/?page_id=543"},"modified":"2025-08-15T11:58:44","modified_gmt":"2025-08-15T11:58:44","slug":"politicadeprivacidad","status":"publish","type":"page","link":"https:\/\/www.domuservices.com\/en\/politicadeprivacidad\/","title":{"rendered":"Politica de privacidad"},"content":{"rendered":"<div data-elementor-type=\"wp-page\" data-elementor-id=\"543\" class=\"elementor elementor-543\" data-elementor-post-type=\"page\">\n\t\t\t\t<div class=\"elementor-element elementor-element-9979f36 e-flex e-con-boxed e-con e-parent\" data-id=\"9979f36\" data-element_type=\"container\" data-e-type=\"container\">\n\t\t\t\t\t<div class=\"e-con-inner\">\n\t\t\t\t<div class=\"elementor-element elementor-element-32aa027 elementor-widget elementor-widget-text-editor\" data-id=\"32aa027\" data-element_type=\"widget\" data-e-type=\"widget\" data-widget_type=\"text-editor.default\">\n\t\t\t\t<div class=\"elementor-widget-container\">\n\t\t\t\t\t\t\t\t\t<h2 data-start=\"1822\" data-end=\"1850\">Pol\u00edtica de Privacidad<\/h2>\n<p data-start=\"1852\" data-end=\"1981\">En cumplimiento del <strong data-start=\"1872\" data-end=\"1907\">Reglamento (UE) 2016\/679 (RGPD)<\/strong> y de la <strong data-start=\"1916\" data-end=\"1949\">Ley Org\u00e1nica 3\/2018 (LOPDGDD)<\/strong>, le informamos de lo siguiente:<\/p>\n<p data-start=\"1983\" data-end=\"2164\"><strong data-start=\"1983\" data-end=\"2015\">Responsable del tratamiento:<\/strong>&nbsp;Nereida De Oses Funes<!-- notionvc: e331b4ec-f69d-4b07-8888-e21ee2603a71 --><br data-start=\"2038\" data-end=\"2041\"><strong data-start=\"2041\" data-end=\"2053\">NIF\/CIF:<\/strong>&nbsp;76749772-Z<!-- notionvc: 795254be-4ad7-47d7-9d1b-0338d1670904 --><br data-start=\"2062\" data-end=\"2065\"><strong data-start=\"2065\" data-end=\"2079\">Domicilio:<\/strong>&nbsp;urbanizaci\u00f3n pueblo del r\u00edo, bloque 1B.<br data-start=\"2116\" data-end=\"2119\"><strong data-start=\"2119\" data-end=\"2142\">Correo electr\u00f3nico:<\/strong>&nbsp;info@domuservices.com<\/p>\n<h4 data-start=\"2166\" data-end=\"2198\">1. Finalidad del tratamiento<\/h4>\n<p data-start=\"2199\" data-end=\"2226\">Sus datos se utilizan para:<\/p>\n<ul data-start=\"2227\" data-end=\"2404\">\n<li data-start=\"2227\" data-end=\"2308\">\n<p data-start=\"2229\" data-end=\"2308\">Atender consultas y solicitudes enviadas a trav\u00e9s de los formularios de la web.<\/p>\n<\/li>\n<li data-start=\"2309\" data-end=\"2368\">\n<p data-start=\"2311\" data-end=\"2368\">Enviar informaci\u00f3n comercial si nos da su consentimiento.<\/p>\n<\/li>\n<li data-start=\"2369\" data-end=\"2404\">\n<p data-start=\"2371\" data-end=\"2404\">Cumplir con obligaciones legales.<\/p>\n<\/li>\n<\/ul>\n<h4 data-start=\"2406\" data-end=\"2425\">2. Legitimaci\u00f3n<\/h4>\n<p data-start=\"2426\" data-end=\"2476\">La base legal para el tratamiento de sus datos es:<\/p>\n<ul data-start=\"2477\" data-end=\"2605\">\n<li data-start=\"2477\" data-end=\"2509\">\n<p data-start=\"2479\" data-end=\"2509\">El consentimiento del usuario.<\/p>\n<\/li>\n<li data-start=\"2510\" data-end=\"2565\">\n<p data-start=\"2512\" data-end=\"2565\">La ejecuci\u00f3n de un contrato o prestaci\u00f3n de servicio.<\/p>\n<\/li>\n<li data-start=\"2566\" data-end=\"2605\">\n<p data-start=\"2568\" data-end=\"2605\">Cumplimiento de obligaciones legales.<\/p>\n<\/li>\n<\/ul>\n<h4 data-start=\"2607\" data-end=\"2627\">3. Destinatarios<\/h4>\n<p data-start=\"2628\" data-end=\"2719\">No se ceder\u00e1n datos a terceros salvo obligaci\u00f3n legal o necesidad para prestar el servicio.<\/p>\n<h4 data-start=\"2721\" data-end=\"2753\">4. Conservaci\u00f3n de los datos<\/h4>\n<p data-start=\"2754\" data-end=\"2923\">Sus datos se conservar\u00e1n durante el tiempo necesario para cumplir con la finalidad para la que se recogieron y, posteriormente, seg\u00fan los plazos legales de prescripci\u00f3n.<\/p>\n<h4 data-start=\"2925\" data-end=\"2952\">5. Derechos del usuario<\/h4>\n<p data-start=\"2953\" data-end=\"3219\">Puede ejercer sus derechos de acceso, rectificaci\u00f3n, supresi\u00f3n, oposici\u00f3n, limitaci\u00f3n y portabilidad enviando un email a info@services.com<br>.<br data-start=\"3110\" data-end=\"3113\">Tambi\u00e9n puede presentar una reclamaci\u00f3n ante la Agencia Espa\u00f1ola de Protecci\u00f3n de Datos (<strong data-start=\"3202\" data-end=\"3217\"><a target=\"_new\" rel=\"noopener\" data-start=\"3204\" data-end=\"3215\">www.aepd.es<\/a><\/strong>).<\/p>\t\t\t\t\t\t\t\t<\/div>\n\t\t\t\t<\/div>\n\t\t\t\t\t<\/div>\n\t\t\t\t<\/div>\n\t\t\t\t<\/div>","protected":false},"excerpt":{"rendered":"<p>Pol\u00edtica de Privacidad En cumplimiento del Reglamento (UE) 2016\/679 (RGPD) y de la Ley Org\u00e1nica 3\/2018 (LOPDGDD), le informamos de lo siguiente: Responsable del tratamiento:&nbsp;Nereida De Oses FunesNIF\/CIF:&nbsp;76749772-ZDomicilio:&nbsp;urbanizaci\u00f3n pueblo del r\u00edo, bloque 1B.Correo electr\u00f3nico:&nbsp;info@domuservices.com 1. Finalidad del tratamiento Sus datos se utilizan para: Atender consultas y solicitudes enviadas a trav\u00e9s de los formularios de la [&hellip;]<\/p>","protected":false},"author":1,"featured_media":0,"parent":0,"menu_order":0,"comment_status":"closed","ping_status":"closed","template":"","meta":{"_joinchat":[],"footnotes":""},"class_list":["post-543","page","type-page","status-publish","hentry"],"_links":{"self":[{"href":"https:\/\/www.domuservices.com\/en\/wp-json\/wp\/v2\/pages\/543","targetHints":{"allow":["GET"]}}],"collection":[{"href":"https:\/\/www.domuservices.com\/en\/wp-json\/wp\/v2\/pages"}],"about":[{"href":"https:\/\/www.domuservices.com\/en\/wp-json\/wp\/v2\/types\/page"}],"author":[{"embeddable":true,"href":"https:\/\/www.domuservices.com\/en\/wp-json\/wp\/v2\/users\/1"}],"replies":[{"embeddable":true,"href":"https:\/\/www.domuservices.com\/en\/wp-json\/wp\/v2\/comments?post=543"}],"version-history":[{"count":7,"href":"https:\/\/www.domuservices.com\/en\/wp-json\/wp\/v2\/pages\/543\/revisions"}],"predecessor-version":[{"id":555,"href":"https:\/\/www.domuservices.com\/en\/wp-json\/wp\/v2\/pages\/543\/revisions\/555"}],"wp:attachment":[{"href":"https:\/\/www.domuservices.com\/en\/wp-json\/wp\/v2\/media?parent=543"}],"curies":[{"name":"wp","href":"https:\/\/api.w.org\/{rel}","templated":true}]}}