{"id":534,"date":"2025-08-15T11:43:34","date_gmt":"2025-08-15T11:43:34","guid":{"rendered":"https:\/\/www.domuservices.com\/?page_id=534"},"modified":"2025-11-06T13:34:25","modified_gmt":"2025-11-06T13:34:25","slug":"aviso-legal","status":"publish","type":"page","link":"https:\/\/www.domuservices.com\/en\/aviso-legal\/","title":{"rendered":"Aviso legal"},"content":{"rendered":"<div data-elementor-type=\"wp-page\" data-elementor-id=\"534\" class=\"elementor elementor-534\" data-elementor-post-type=\"page\">\n\t\t\t\t<div class=\"elementor-element elementor-element-4e31257 e-flex e-con-boxed e-con e-parent\" data-id=\"4e31257\" data-element_type=\"container\" data-e-type=\"container\">\n\t\t\t\t\t<div class=\"e-con-inner\">\n\t\t\t\t<div class=\"elementor-element elementor-element-754af6c elementor-widget elementor-widget-heading\" data-id=\"754af6c\" data-element_type=\"widget\" data-e-type=\"widget\" data-widget_type=\"heading.default\">\n\t\t\t\t<div class=\"elementor-widget-container\">\n\t\t\t\t\t<h2 class=\"elementor-heading-title elementor-size-default\">Aviso legal<\/h2>\t\t\t\t<\/div>\n\t\t\t\t<\/div>\n\t\t\t\t\t<\/div>\n\t\t\t\t<\/div>\n\t\t<div class=\"elementor-element elementor-element-e1089fc e-flex e-con-boxed e-con e-parent\" data-id=\"e1089fc\" data-element_type=\"container\" data-e-type=\"container\">\n\t\t\t\t\t<div class=\"e-con-inner\">\n\t\t\t\t<div class=\"elementor-element elementor-element-1b74e9d elementor-widget elementor-widget-text-editor\" data-id=\"1b74e9d\" data-element_type=\"widget\" data-e-type=\"widget\" data-widget_type=\"text-editor.default\">\n\t\t\t\t<div class=\"elementor-widget-container\">\n\t\t\t\t\t\t\t\t\t<p data-start=\"430\" data-end=\"668\">En cumplimiento de lo dispuesto en la <strong data-start=\"468\" data-end=\"579\">Ley 34\/2002, de 11 de julio, de Servicios de la Sociedad de la Informaci\u00f3n y Comercio Electr\u00f3nico (LSSI-CE)<\/strong>, se informa a los usuarios de los siguientes datos de informaci\u00f3n general del sitio web:<\/p><p data-start=\"670\" data-end=\"931\"><strong data-start=\"670\" data-end=\"682\">Titular:<\/strong>\u00a0Nereida de Oses Funes<br data-start=\"715\" data-end=\"718\" \/><strong data-start=\"718\" data-end=\"730\">NIF\/CIF:<\/strong>\u00a076749772-Z<!-- notionvc: 795254be-4ad7-47d7-9d1b-0338d1670904 --><br data-start=\"739\" data-end=\"742\" \/><strong data-start=\"742\" data-end=\"763\">Domicilio social:<\/strong>\u00a0Urbanizaci\u00f3n pueblo del r\u00edo, bloque 1B.<br data-start=\"800\" data-end=\"803\" \/><strong data-start=\"803\" data-end=\"826\">Correo electr\u00f3nico:<\/strong> info@domuservices.com<br data-start=\"846\" data-end=\"849\" \/><strong data-start=\"849\" data-end=\"862\">Tel\u00e9fono: +34698927427<\/strong><\/p><h4 data-start=\"933\" data-end=\"946\">1. Objeto<\/h4><p data-start=\"947\" data-end=\"1060\">El presente aviso legal regula el uso del sitio web domuservices.com, propiedad de Nereida de Oses Funes.<\/p><p data-start=\"1062\" data-end=\"1231\">La navegaci\u00f3n por el sitio web le atribuye la condici\u00f3n de usuario e implica la aceptaci\u00f3n plena y sin reservas de todas las disposiciones incluidas en este Aviso Legal.<\/p><h4 data-start=\"1233\" data-end=\"1274\">2. Propiedad intelectual e industrial<\/h4><p data-start=\"1275\" data-end=\"1613\">Todos los contenidos del sitio web, incluyendo textos, im\u00e1genes, dise\u00f1os gr\u00e1ficos, logotipos, iconos, combinaciones de colores, as\u00ed como el software, son propiedad de Domuservices.com o de terceros que han autorizado su uso. Queda prohibida su reproducci\u00f3n, distribuci\u00f3n, comunicaci\u00f3n p\u00fablica o modificaci\u00f3n sin autorizaci\u00f3n previa.<\/p><h4 data-start=\"1615\" data-end=\"1652\">3. Protecci\u00f3n de datos personales<\/h4><p data-start=\"1653\" data-end=\"1949\">En cumplimiento del <strong data-start=\"1673\" data-end=\"1708\">Reglamento (UE) 2016\/679 (RGPD)<\/strong> y la <strong data-start=\"1714\" data-end=\"1747\">Ley Org\u00e1nica 3\/2018 (LOPDGDD)<\/strong>, le informamos que los datos personales que nos facilite a trav\u00e9s de los formularios de este sitio web ser\u00e1n tratados por Domuservices.com con la finalidad de atender sus solicitudes o consultas.<\/p><p data-start=\"1951\" data-end=\"2161\">El usuario podr\u00e1 ejercer sus derechos de acceso, rectificaci\u00f3n, supresi\u00f3n, oposici\u00f3n, limitaci\u00f3n del tratamiento y portabilidad mediante escrito dirigido a info@domuservices.com.<\/p><p data-start=\"2163\" data-end=\"2233\">Puede consultar m\u00e1s informaci\u00f3n en nuestra <a href=\"\/en\/politicadeprivacidad\/\" target=\"_blank\" rel=\"noopener\"><strong data-start=\"2206\" data-end=\"2232\">Pol\u00edtica de Privacidad<\/strong>.<\/a><\/p><h4 data-start=\"2235\" data-end=\"2270\">4. Exclusi\u00f3n de responsabilidad<\/h4><p data-start=\"2271\" data-end=\"2455\">Domuservices no se responsabiliza del mal uso que se realice de los contenidos de su sitio web, siendo exclusiva responsabilidad del usuario que accede a ellos o los utilice.<\/p><h4 data-start=\"2457\" data-end=\"2500\">5. Legislaci\u00f3n aplicable y jurisdicci\u00f3n<\/h4><p data-start=\"2501\" data-end=\"2786\">Para la resoluci\u00f3n de cualquier controversia o cuesti\u00f3n relacionada con el presente sitio web o las actividades en \u00e9l desarrolladas ser\u00e1 de aplicaci\u00f3n la legislaci\u00f3n espa\u00f1ola, a la que se someten expresamente las partes. Las partes se someten a los Juzgados y Tribunales de <strong data-start=\"2775\" data-end=\"2785\">M\u00e1laga<\/strong>.<\/p>\t\t\t\t\t\t\t\t<\/div>\n\t\t\t\t<\/div>\n\t\t\t\t\t<\/div>\n\t\t\t\t<\/div>\n\t\t\t\t<\/div>","protected":false},"excerpt":{"rendered":"<p>Aviso legal En cumplimiento de lo dispuesto en la Ley 34\/2002, de 11 de julio, de Servicios de la Sociedad de la Informaci\u00f3n y Comercio Electr\u00f3nico (LSSI-CE), se informa a los usuarios de los siguientes datos de informaci\u00f3n general del sitio web: Titular:\u00a0Nereida de Oses FunesNIF\/CIF:\u00a076749772-ZDomicilio social:\u00a0Urbanizaci\u00f3n pueblo del r\u00edo, bloque 1B.Correo electr\u00f3nico: info@domuservices.comTel\u00e9fono: +34698927427 [&hellip;]<\/p>","protected":false},"author":1,"featured_media":0,"parent":0,"menu_order":0,"comment_status":"closed","ping_status":"closed","template":"","meta":{"_joinchat":[],"footnotes":""},"class_list":["post-534","page","type-page","status-publish","hentry"],"_links":{"self":[{"href":"https:\/\/www.domuservices.com\/en\/wp-json\/wp\/v2\/pages\/534","targetHints":{"allow":["GET"]}}],"collection":[{"href":"https:\/\/www.domuservices.com\/en\/wp-json\/wp\/v2\/pages"}],"about":[{"href":"https:\/\/www.domuservices.com\/en\/wp-json\/wp\/v2\/types\/page"}],"author":[{"embeddable":true,"href":"https:\/\/www.domuservices.com\/en\/wp-json\/wp\/v2\/users\/1"}],"replies":[{"embeddable":true,"href":"https:\/\/www.domuservices.com\/en\/wp-json\/wp\/v2\/comments?post=534"}],"version-history":[{"count":10,"href":"https:\/\/www.domuservices.com\/en\/wp-json\/wp\/v2\/pages\/534\/revisions"}],"predecessor-version":[{"id":590,"href":"https:\/\/www.domuservices.com\/en\/wp-json\/wp\/v2\/pages\/534\/revisions\/590"}],"wp:attachment":[{"href":"https:\/\/www.domuservices.com\/en\/wp-json\/wp\/v2\/media?parent=534"}],"curies":[{"name":"wp","href":"https:\/\/api.w.org\/{rel}","templated":true}]}}